{"id":2029,"date":"2021-12-10T11:02:09","date_gmt":"2021-12-10T10:02:09","guid":{"rendered":"https:\/\/www.restaurant-de-labbaye.fr\/wordpress\/aux-alentours\/"},"modified":"2022-02-17T15:13:03","modified_gmt":"2022-02-17T14:13:03","slug":"tourism","status":"publish","type":"page","link":"https:\/\/www.restaurant-de-labbaye.fr\/en\/tourism\/","title":{"rendered":"Tourism"},"content":{"rendered":"<p>[vc_row gap=&#8221;20&#8243; equal_height=&#8221;yes&#8221; content_placement=&#8221;middle&#8221;][vc_column width=&#8221;1\/3&#8243; css=&#8221;.vc_custom_1641996173175{padding-top: 5% !important;padding-right: 0px !important;padding-bottom: 5% !important;padding-left: 0px !important;background-color: #c0a58a !important;}&#8221;][vc_single_image image=&#8221;1828&#8243; img_size=&#8221;full&#8221; alignment=&#8221;center&#8221; onclick=&#8221;link_image&#8221; css=&#8221;.vc_custom_1641996117797{margin-bottom: 0px !important;padding-top: 0px !important;padding-right: 0px !important;padding-bottom: 0px !important;padding-left: 0px !important;}&#8221;][\/vc_column][vc_column width=&#8221;2\/3&#8243;]<div id=\"ultimate-heading-198569f4fc8f759f2\" class=\"uvc-heading ult-adjust-bottom-margin ultimate-heading-198569f4fc8f759f2 uvc-9174  uvc-heading-default-font-sizes\" data-hspacer=\"no_spacer\"  data-halign=\"left\" style=\"text-align:left\"><div class=\"uvc-heading-spacer no_spacer\" style=\"top\"><\/div><div class=\"uvc-main-heading ult-responsive\"  data-ultimate-target='.uvc-heading.ultimate-heading-198569f4fc8f759f2 h2'  data-responsive-json-new='{\"font-size\":\"\",\"line-height\":\"\"}' ><h2 style=\"--font-weight:theme;color:rgba(192,165,138,0.3);\">Discover<\/h2><\/div><div class=\"uvc-sub-heading ult-responsive\"  data-ultimate-target='.uvc-heading.ultimate-heading-198569f4fc8f759f2 .uvc-sub-heading '  data-responsive-json-new='{\"font-size\":\"\",\"line-height\":\"\"}'  style=\"font-weight:normal;\"><\/p>\n<h3>The surroundings<\/h3>\n<p><\/div><\/div>[vc_empty_space]<div class=\"standard-arrow list-divider bullet-top\"><ul>\n<li><a href=\"https:\/\/flavigny-sur-ozerain.fr\/village\/accueil\" target=\"_blank\" rel=\"noopener\">Flavigny-sur-Ozerain<\/a><\/li>\n<li><a href=\"https:\/\/www.grandeforgedebuffon.fr\/\" target=\"_blank\" rel=\"noopener\">Les Forges de Buffon<\/a><\/li>\n<li><a href=\"https:\/\/www.abbayedefontenay.com\/\" target=\"_blank\" rel=\"noopener\">L&#8217;Abbaye de Fontenay<\/a><\/li>\n<li><a href=\"https:\/\/www.alesia.com\/\" target=\"_blank\" rel=\"noopener\">Al\u00e9sia<\/a><\/li>\n<li><a href=\"https:\/\/www.ville-semur-en-auxois.fr\/\" target=\"_blank\" rel=\"noopener\">Cit\u00e9 M\u00e9di\u00e9val de Semur-en-Auxois<\/a><\/li>\n<\/ul>\n<\/div>[\/vc_column][\/vc_row][vc_row css=&#8221;.vc_custom_1641997526033{margin-top: 50px !important;margin-bottom: 50px !important;padding-top: 20px !important;padding-right: 50px !important;padding-bottom: 20px !important;padding-left: 50px !important;background-image: url(https:\/\/www.restaurant-de-labbaye.fr\/wordpress\/wp-content\/uploads\/2022\/01\/DSC_1623.jpg?id=1754) !important;background-position: center !important;background-repeat: no-repeat !important;background-size: cover !important;}&#8221;][vc_column width=&#8221;2\/3&#8243;][vc_column_text]<span style=\"font-size: 17px!important; color: #ffffff;\">All our dishes are homemade,<\/span><\/p>\n<p><span style=\"font-size: 30px!important; text-transform: uppercase; color: #ffffff;\">Contact us at 03 80 96 27 77 !<\/span>[\/vc_column_text][\/vc_column][vc_column width=&#8221;1\/3&#8243;]<div class=\" ubtn-ctn-right \"><a class=\"ubtn-link ult-adjust-bottom-margin ubtn-right ubtn-normal \" href=\"https:\/\/www.restaurant-de-labbaye.fr\/wordpress\/en\/la-carte\/\" title=\"La carte\" ><button type=\"button\" id=\"ubtn-4151\"  class=\"ubtn ult-adjust-bottom-margin ult-responsive ubtn-normal ubtn-no-hover-bg  none  ubtn-right   tooltip-69f4fc8f75a7c\"  data-hover=\"#ffffff\" data-border-color=\"\" data-bg=\"#c0a58a\" data-hover-bg=\"#c0a58a\" data-border-hover=\"\" data-shadow-hover=\"\" data-shadow-click=\"none\" data-shadow=\"\" data-shd-shadow=\"\"  data-ultimate-target='#ubtn-4151'  data-responsive-json-new='{\"font-size\":\"\",\"line-height\":\"\"}'  style=\"font-weight:normal;border:none;background: #c0a58a;color: #ffffff;\"><span class=\"ubtn-hover\" style=\"background-color:#c0a58a\"><\/span><span class=\"ubtn-data ubtn-text \" >See the menu<\/span><\/button><\/a><\/div>[\/vc_column][\/vc_row]<\/p>\n","protected":false},"excerpt":{"rendered":"<p>[vc_row gap=&#8221;20&#8243; equal_height=&#8221;yes&#8221; content_placement=&#8221;middle&#8221;][vc_column width=&#8221;1\/3&#8243; css=&#8221;.vc_custom_1641996173175{padding-top: 5% !important;padding-right: 0px !important;padding-bottom: 5% !important;padding-left: 0px !important;background-color: #c0a58a !important;}&#8221;][vc_single_image image=&#8221;1828&#8243; img_size=&#8221;full&#8221; alignment=&#8221;center&#8221; onclick=&#8221;link_image&#8221; css=&#8221;.vc_custom_1641996117797{margin-bottom: 0px !important;padding-top: 0px !important;padding-right: 0px !important;padding-bottom: 0px !important;padding-left: 0px !important;}&#8221;][\/vc_column][vc_column width=&#8221;2\/3&#8243;][vc_empty_space][\/vc_column][\/vc_row][vc_row css=&#8221;.vc_custom_1641997526033{margin-top: 50px !important;margin-bottom: 50px !important;padding-top: 20px !important;padding-right: 50px !important;padding-bottom: 20px !important;padding-left: 50px !important;background-image: url(https:\/\/www.restaurant-de-labbaye.fr\/wordpress\/wp-content\/uploads\/2022\/01\/DSC_1623.jpg?id=1754) !important;background-position: center !important;background-repeat: no-repeat !important;background-size: cover !important;}&#8221;][vc_column width=&#8221;2\/3&#8243;][vc_column_text]All our&hellip;<\/p>\n","protected":false},"author":1,"featured_media":0,"parent":0,"menu_order":0,"comment_status":"closed","ping_status":"closed","template":"","meta":{"_monsterinsights_skip_tracking":false,"_monsterinsights_sitenote_active":false,"_monsterinsights_sitenote_note":"","_monsterinsights_sitenote_category":0,"footnotes":""},"class_list":["post-2029","page","type-page","status-publish","hentry","description-off"],"yoast_head":"<!-- This site is optimized with the Yoast SEO plugin v22.0 - https:\/\/yoast.com\/wordpress\/plugins\/seo\/ -->\n<title>Flavigny-sur-Ozerain : Le Restaurant de l&#039;Abbaye \u00e0 Flavigny\/Ozerain<\/title>\n<meta name=\"description\" content=\"Located in Flavigny-sur-Ozerain, RESTAURANT DE L&#039;ABBAYE offers cuisine based on tradition and the terroirs of Burgundy.\" \/>\n<meta name=\"robots\" content=\"index, follow, max-snippet:-1, max-image-preview:large, max-video-preview:-1\" \/>\n<link rel=\"canonical\" href=\"https:\/\/www.restaurant-de-labbaye.fr\/en\/tourism\/\" \/>\n<meta property=\"og:locale\" content=\"en_US\" \/>\n<meta property=\"og:type\" content=\"article\" \/>\n<meta property=\"og:title\" content=\"Flavigny-sur-Ozerain : Le Restaurant de l&#039;Abbaye \u00e0 Flavigny\/Ozerain\" \/>\n<meta property=\"og:description\" content=\"Located in Flavigny-sur-Ozerain, RESTAURANT DE L&#039;ABBAYE offers cuisine based on tradition and the terroirs of Burgundy.\" \/>\n<meta property=\"og:url\" content=\"https:\/\/www.restaurant-de-labbaye.fr\/en\/tourism\/\" \/>\n<meta property=\"og:site_name\" content=\"Restaurant de l&#039;Abbaye \u00e0 Flavigny-sur-Ozerain\" \/>\n<meta property=\"article:modified_time\" content=\"2022-02-17T14:13:03+00:00\" \/>\n<meta name=\"twitter:card\" content=\"summary_large_image\" \/>\n<meta name=\"twitter:label1\" content=\"Est. reading time\" \/>\n\t<meta name=\"twitter:data1\" content=\"1 minute\" \/>\n<script type=\"application\/ld+json\" class=\"yoast-schema-graph\">{\"@context\":\"https:\/\/schema.org\",\"@graph\":[{\"@type\":\"WebPage\",\"@id\":\"https:\/\/www.restaurant-de-labbaye.fr\/en\/tourism\/\",\"url\":\"https:\/\/www.restaurant-de-labbaye.fr\/en\/tourism\/\",\"name\":\"Flavigny-sur-Ozerain : Le Restaurant de l'Abbaye \u00e0 Flavigny\/Ozerain\",\"isPartOf\":{\"@id\":\"https:\/\/www.restaurant-de-labbaye.fr\/#website\"},\"datePublished\":\"2021-12-10T10:02:09+00:00\",\"dateModified\":\"2022-02-17T14:13:03+00:00\",\"description\":\"Located in Flavigny-sur-Ozerain, RESTAURANT DE L'ABBAYE offers cuisine based on tradition and the terroirs of Burgundy.\",\"breadcrumb\":{\"@id\":\"https:\/\/www.restaurant-de-labbaye.fr\/en\/tourism\/#breadcrumb\"},\"inLanguage\":\"en-US\",\"potentialAction\":[{\"@type\":\"ReadAction\",\"target\":[\"https:\/\/www.restaurant-de-labbaye.fr\/en\/tourism\/\"]}]},{\"@type\":\"BreadcrumbList\",\"@id\":\"https:\/\/www.restaurant-de-labbaye.fr\/en\/tourism\/#breadcrumb\",\"itemListElement\":[{\"@type\":\"ListItem\",\"position\":1,\"name\":\"Accueil\",\"item\":\"https:\/\/www.restaurant-de-labbaye.fr\/en\/\"},{\"@type\":\"ListItem\",\"position\":2,\"name\":\"Tourism\"}]},{\"@type\":\"WebSite\",\"@id\":\"https:\/\/www.restaurant-de-labbaye.fr\/#website\",\"url\":\"https:\/\/www.restaurant-de-labbaye.fr\/\",\"name\":\"Restaurant de l&#039;Abbaye \u00e0 Flavigny-sur-Ozerain\",\"description\":\"Restaurant gastronomique \u00e0 Flavigny-sur-Ozerain en Bourgogne\",\"potentialAction\":[{\"@type\":\"SearchAction\",\"target\":{\"@type\":\"EntryPoint\",\"urlTemplate\":\"https:\/\/www.restaurant-de-labbaye.fr\/?s={search_term_string}\"},\"query-input\":\"required name=search_term_string\"}],\"inLanguage\":\"en-US\"}]}<\/script>\n<!-- \/ Yoast SEO plugin. -->","yoast_head_json":{"title":"Flavigny-sur-Ozerain : Le Restaurant de l'Abbaye \u00e0 Flavigny\/Ozerain","description":"Located in Flavigny-sur-Ozerain, RESTAURANT DE L'ABBAYE offers cuisine based on tradition and the terroirs of Burgundy.","robots":{"index":"index","follow":"follow","max-snippet":"max-snippet:-1","max-image-preview":"max-image-preview:large","max-video-preview":"max-video-preview:-1"},"canonical":"https:\/\/www.restaurant-de-labbaye.fr\/en\/tourism\/","og_locale":"en_US","og_type":"article","og_title":"Flavigny-sur-Ozerain : Le Restaurant de l'Abbaye \u00e0 Flavigny\/Ozerain","og_description":"Located in Flavigny-sur-Ozerain, RESTAURANT DE L'ABBAYE offers cuisine based on tradition and the terroirs of Burgundy.","og_url":"https:\/\/www.restaurant-de-labbaye.fr\/en\/tourism\/","og_site_name":"Restaurant de l&#039;Abbaye \u00e0 Flavigny-sur-Ozerain","article_modified_time":"2022-02-17T14:13:03+00:00","twitter_card":"summary_large_image","twitter_misc":{"Est. reading time":"1 minute"},"schema":{"@context":"https:\/\/schema.org","@graph":[{"@type":"WebPage","@id":"https:\/\/www.restaurant-de-labbaye.fr\/en\/tourism\/","url":"https:\/\/www.restaurant-de-labbaye.fr\/en\/tourism\/","name":"Flavigny-sur-Ozerain : Le Restaurant de l'Abbaye \u00e0 Flavigny\/Ozerain","isPartOf":{"@id":"https:\/\/www.restaurant-de-labbaye.fr\/#website"},"datePublished":"2021-12-10T10:02:09+00:00","dateModified":"2022-02-17T14:13:03+00:00","description":"Located in Flavigny-sur-Ozerain, RESTAURANT DE L'ABBAYE offers cuisine based on tradition and the terroirs of Burgundy.","breadcrumb":{"@id":"https:\/\/www.restaurant-de-labbaye.fr\/en\/tourism\/#breadcrumb"},"inLanguage":"en-US","potentialAction":[{"@type":"ReadAction","target":["https:\/\/www.restaurant-de-labbaye.fr\/en\/tourism\/"]}]},{"@type":"BreadcrumbList","@id":"https:\/\/www.restaurant-de-labbaye.fr\/en\/tourism\/#breadcrumb","itemListElement":[{"@type":"ListItem","position":1,"name":"Accueil","item":"https:\/\/www.restaurant-de-labbaye.fr\/en\/"},{"@type":"ListItem","position":2,"name":"Tourism"}]},{"@type":"WebSite","@id":"https:\/\/www.restaurant-de-labbaye.fr\/#website","url":"https:\/\/www.restaurant-de-labbaye.fr\/","name":"Restaurant de l&#039;Abbaye \u00e0 Flavigny-sur-Ozerain","description":"Restaurant gastronomique \u00e0 Flavigny-sur-Ozerain en Bourgogne","potentialAction":[{"@type":"SearchAction","target":{"@type":"EntryPoint","urlTemplate":"https:\/\/www.restaurant-de-labbaye.fr\/?s={search_term_string}"},"query-input":"required name=search_term_string"}],"inLanguage":"en-US"}]}},"_links":{"self":[{"href":"https:\/\/www.restaurant-de-labbaye.fr\/en\/wp-json\/wp\/v2\/pages\/2029","targetHints":{"allow":["GET"]}}],"collection":[{"href":"https:\/\/www.restaurant-de-labbaye.fr\/en\/wp-json\/wp\/v2\/pages"}],"about":[{"href":"https:\/\/www.restaurant-de-labbaye.fr\/en\/wp-json\/wp\/v2\/types\/page"}],"author":[{"embeddable":true,"href":"https:\/\/www.restaurant-de-labbaye.fr\/en\/wp-json\/wp\/v2\/users\/1"}],"replies":[{"embeddable":true,"href":"https:\/\/www.restaurant-de-labbaye.fr\/en\/wp-json\/wp\/v2\/comments?post=2029"}],"version-history":[{"count":2,"href":"https:\/\/www.restaurant-de-labbaye.fr\/en\/wp-json\/wp\/v2\/pages\/2029\/revisions"}],"predecessor-version":[{"id":2094,"href":"https:\/\/www.restaurant-de-labbaye.fr\/en\/wp-json\/wp\/v2\/pages\/2029\/revisions\/2094"}],"wp:attachment":[{"href":"https:\/\/www.restaurant-de-labbaye.fr\/en\/wp-json\/wp\/v2\/media?parent=2029"}],"curies":[{"name":"wp","href":"https:\/\/api.w.org\/{rel}","templated":true}]}}