{"id":2023,"date":"2021-12-10T11:05:06","date_gmt":"2021-12-10T10:05:06","guid":{"rendered":"https:\/\/www.restaurant-de-labbaye.fr\/wordpress\/cookies\/"},"modified":"2021-12-10T11:05:06","modified_gmt":"2021-12-10T10:05:06","slug":"cookies","status":"publish","type":"page","link":"https:\/\/www.restaurant-de-labbaye.fr\/en\/cookies\/","title":{"rendered":"Cookies"},"content":{"rendered":"<p>[vc_row][vc_column][vc_column_text]<strong>&gt; Qu\u2019est-ce qu\u2019un cookie ? A quoi sert-il ?<\/strong><br \/>\nUn Cookie est un fichier teste qui enregistre les informations concernant votre navigation sur le site. Attention en aucun cas, le Cookie permet \u00e0 celui qui l\u2019a d\u00e9pos\u00e9 d\u2019obtenir des informations enregistr\u00e9es sur votre disque dur ou des informations personnelles. Il permet de vous reconna\u00eetre lorsque vous revenez sur notre site et nous permet de vous faciliter l\u2019utilisation du site<br \/>\n<strong>&gt; Comment accepter, param\u00e9trer ou refuser un cookie ?<\/strong><br \/>\nVous pouvez configurer votre navigateur ou logiciel de mani\u00e8re \u00e0 ce que les cookies soient enregistr\u00e9s ou rejet\u00e9s dans votre terminal et autres param\u00e9trages.<br \/>\n<strong>Pour Microsoft Internet Explorer :<\/strong><br \/>\nChoisissez le menu \u00ab Outils \u00bb puis \u00ab Options Internet \u00bb<br \/>\nCliquez sur l\u2019onglet \u00ab Confidentialit\u00e9 \u00bb<br \/>\nS\u00e9lectionnez le niveau souhait\u00e9 \u00e0 l\u2019aide du curseur<br \/>\n<strong>Pour Mozilla Firefox :<\/strong><br \/>\nChoisissez le menu \u00ab Outils \u00bb &gt; \u00ab Options \u00bb<br \/>\nCliquez sur l\u2019option \u00ab Vie Priv\u00e9e \u00bb<br \/>\nRubrique \u00ab Cookies \u00bb<br \/>\n<strong>Pour Chrome :<\/strong><br \/>\nChoisissez le menu \u00ab Edition \u00bb &gt; \u00ab Pr\u00e9f\u00e9rences \u00bb<br \/>\nCliquez sur l\u2019option \u00ab Donn\u00e9es personnelles \u00bb<br \/>\nRubrique \u00ab Cookies \u00bb<br \/>\n<strong>Pour Safari :<\/strong><br \/>\nChoisissez le menu \u00ab Edition \u00bb &gt; \u00ab Pr\u00e9f\u00e9rences \u00bb<br \/>\nCliquez sur l\u2019option \u00ab Donn\u00e9es personnelles \u00bb<br \/>\nRubrique \u00ab Cookies \u00bb<br \/>\n<strong>&gt; Cons\u00e9quences de votre choix concernant les Cookies<\/strong><br \/>\nTout param\u00e9trage que vous effectuerez sera susceptible d\u2019avoir des cons\u00e9quences sur votre navigation sur internet et concernant le site Internet que vous visitez pourra avoir des cons\u00e9quences sur les conditions d\u2019acc\u00e8s \u00e0 certains des services, comme par exemple : la m\u00e9morisation de vos identifiants de formulaires, de champs de commentaires, etc.Il est important que vous sachiez que si vous d\u00e9cidez de refuser ou de supprimer les Cookies sur vos navigateurs ou terminaux mobiles, cela n\u2019emp\u00eachera pas l\u2019affichage de publicit\u00e9 sur les sites internet que vous visiterez. La seule diff\u00e9rence c\u2019est qu\u2019elles ne seront plus adapt\u00e9es \u00e0 vos centres d\u2019int\u00e9r\u00eats.<br \/>\n<strong>&gt; Les Cookies \u00e9mis sur le site<\/strong><br \/>\nLorsque vous vous connectez \u00e0 ce site, nous pouvons \u00eatre amen\u00e9s \u00e0 installer divers cookies dans votre terminal Nous permettant de reconna\u00eetre le navigateur de votre terminal pendant la dur\u00e9e de validit\u00e9 du cookie concern\u00e9 (maximum 13 mois).<\/p>\n<p>Ces Cookies permettent :<br \/>\n\u2013 d\u2019\u00e9tablir des statistiques et volumes de fr\u00e9quentation et d\u2019utilisation des diverses \u00e9l\u00e9ments composant le site (rubriques et contenus visit\u00e9s, parcours), permettant d\u2019am\u00e9liorer l\u2019int\u00e9r\u00eat et l\u2019ergonomie des services ;<br \/>\n\u2013 d\u2019adapter la pr\u00e9sentation du site aux pr\u00e9f\u00e9rences d\u2019affichage de votre terminal (langue utilis\u00e9e, r\u00e9solution d\u2019affichage, syst\u00e8me d\u2019exploitation utilis\u00e9, etc) lors de vos visites sur le Site, selon les mat\u00e9riels et les logiciels de visualisation ou de lecture que votre terminal comporte;<br \/>\n\u2013 de m\u00e9moriser des informations relatives \u00e0 un formulaire que vous avez rempli sur le site (inscription, formulaire de contact, de concours, de champs de commentaire, \u2026) ou \u00e0 des produits, services ou informations que vous avez choisis sur le site ;<br \/>\n\u2013 de mettre en \u0153uvre des mesures de s\u00e9curit\u00e9, par exemple lorsqu\u2019il vous est demand\u00e9 de vous connecter \u00e0 nouveau \u00e0 un contenu ou \u00e0 un service apr\u00e8s une certain laps de temps<br \/>\n<strong><br \/>\n&gt; Les cookies dits \u00ab des r\u00e9seaux sociaux \u00bb<\/strong><br \/>\nLes pages et articles pr\u00e9sents sur le site sont susceptible d\u2019\u00eatre accompagn\u00e9s d\u2019une application informatique tierce permettant le partage de ces contenus sur les r\u00e9seaux sociaux, tels que les boutons pr\u00e9sents sous la mention \u00bbPartager cette page \u00bb.<br \/>\nNous n\u2019avons aucun contr\u00f4le sur le processus employ\u00e9 par les r\u00e9seaux sociaux concern\u00e9s (Facebook, Twitter, Google+ et Pinterest) pour collecter ces informations et vous invitons \u00e0 consulter les politiques de confidentialit\u00e9 de ces derniers.<br \/>\n<strong>&gt; Les Cookies \u00e9mis par des tiers aupr\u00e8s des utilisateurs du site<\/strong><br \/>\nLes contenus publicitaires (graphismes, animations, vid\u00e9os, etc) diffus\u00e9s sur le site sont susceptibles de contenir des Cookies \u00e9mis par des tiers. L\u2019\u00e9mission et l\u2019utilisation de cookies par ces tiers, sont soumises aux politiques de protection de la vie priv\u00e9e de ces tiers.<br \/>\nCes cookies permettent \u00e0 ces derniers, pendant la dur\u00e9e de validit\u00e9 de ces cookies : de comptabiliser le nombre d\u2019affichages des contenus publicitaires diffus\u00e9s via les espaces publicitaires pr\u00e9sent sur le site, d\u2019identifier les publicit\u00e9s ainsi affich\u00e9es, le nombre d\u2019utilisateurs ayant cliqu\u00e9 sur chaque publicit\u00e9, leur permettant de calculer les sommes dues de ce fait et d\u2019\u00e9tablir des statistiques; de reconna\u00eetre votre terminal lors de sa navigation ult\u00e9rieure sur tout autre site ou service sur lequel ces annonceurs ou ces tiers \u00e9mettent \u00e9galement des cookies et, le cas \u00e9ch\u00e9ant, d\u2019adapter ces sites et services tiers ou les publicit\u00e9s qu\u2019ils diffusent, \u00e0 la navigation de votre terminal dont ils peuvent avoir connaissance.<br \/>\n<strong>&gt; Quel est l\u2019int\u00e9r\u00eat de voir s\u2019afficher des publicit\u00e9s adapt\u00e9es a votre navigation ?<\/strong><br \/>\nNotre objectif est de pr\u00e9senter des publicit\u00e9s les plus pertinentes possibles. A cette fin, la technologie des cookies permet de d\u00e9terminer en temps r\u00e9el quelle publicit\u00e9 afficher \u00e0 un terminal, en fonction de sa navigation r\u00e9cente sur un(e) ou plusieurs sites ou applications. Votre int\u00e9r\u00eat pour les contenus publicitaires qui sont affich\u00e9s sur votre terminal lorsque vous consultez un site, d\u00e9termine souvent les ressources publicitaires de celui-ci lui permettant d\u2019exploiter ses services, souvent fournis aux utilisateurs \u00e0 titre gratuit. Vous pr\u00e9f\u00e9rez sans doute voir s\u2019afficher des publicit\u00e9s qui correspondent \u00e0 ce qui vous int\u00e9resse plut\u00f4t que les publicit\u00e9s qui n\u2019ont aucun int\u00e9r\u00eat pour vous. De m\u00eame, les annonceurs qui souhaitent voir leurs publicit\u00e9s diffus\u00e9es, sont int\u00e9ress\u00e9s par l\u2019affichage de leurs offres aupr\u00e8s d\u2019utilisateurs susceptibles d\u2019\u00eatre les plus int\u00e9ress\u00e9s par celles-ci.<br \/>\n<strong>&gt; Si vous partagez l\u2019utilisation de votre terminal avec d\u2019autres personnes<\/strong><br \/>\nLe partage avec d\u2019autres personnes de l\u2019utilisation de votre terminal et la configuration des param\u00e8tres de votre navigateur \u00e0 l\u2019\u00e9gard des cookies, rel\u00e8vent de votre libre choix et de votre responsabilit\u00e9.[\/vc_column_text][\/vc_column][\/vc_row]<\/p>\n","protected":false},"excerpt":{"rendered":"<p>[vc_row][vc_column][vc_column_text]&gt; Qu\u2019est-ce qu\u2019un cookie ? A quoi sert-il ? Un Cookie est un fichier teste qui enregistre les informations concernant votre navigation sur le site. Attention en aucun cas, le Cookie permet \u00e0 celui qui l\u2019a d\u00e9pos\u00e9 d\u2019obtenir des informations enregistr\u00e9es sur votre disque dur ou des informations personnelles. Il permet de vous reconna\u00eetre lorsque&hellip;<\/p>\n","protected":false},"author":1,"featured_media":0,"parent":0,"menu_order":0,"comment_status":"closed","ping_status":"closed","template":"","meta":{"_monsterinsights_skip_tracking":false,"_monsterinsights_sitenote_active":false,"_monsterinsights_sitenote_note":"","_monsterinsights_sitenote_category":0,"footnotes":""},"class_list":["post-2023","page","type-page","status-publish","hentry","description-off"],"yoast_head":"<!-- This site is optimized with the Yoast SEO plugin v22.0 - https:\/\/yoast.com\/wordpress\/plugins\/seo\/ -->\n<title>Cookies - Restaurant de l&#039;Abbaye \u00e0 Flavigny-sur-Ozerain<\/title>\n<meta name=\"robots\" content=\"index, follow, max-snippet:-1, max-image-preview:large, max-video-preview:-1\" \/>\n<link rel=\"canonical\" href=\"https:\/\/www.restaurant-de-labbaye.fr\/en\/cookies\/\" \/>\n<meta property=\"og:locale\" content=\"en_US\" \/>\n<meta property=\"og:type\" content=\"article\" \/>\n<meta property=\"og:title\" content=\"Cookies - Restaurant de l&#039;Abbaye \u00e0 Flavigny-sur-Ozerain\" \/>\n<meta property=\"og:description\" content=\"[vc_row][vc_column][vc_column_text]&gt; Qu\u2019est-ce qu\u2019un cookie ? A quoi sert-il ? Un Cookie est un fichier teste qui enregistre les informations concernant votre navigation sur le site. Attention en aucun cas, le Cookie permet \u00e0 celui qui l\u2019a d\u00e9pos\u00e9 d\u2019obtenir des informations enregistr\u00e9es sur votre disque dur ou des informations personnelles. Il permet de vous reconna\u00eetre lorsque&hellip;\" \/>\n<meta property=\"og:url\" content=\"https:\/\/www.restaurant-de-labbaye.fr\/en\/cookies\/\" \/>\n<meta property=\"og:site_name\" content=\"Restaurant de l&#039;Abbaye \u00e0 Flavigny-sur-Ozerain\" \/>\n<meta name=\"twitter:card\" content=\"summary_large_image\" \/>\n<meta name=\"twitter:label1\" content=\"Est. reading time\" \/>\n\t<meta name=\"twitter:data1\" content=\"5 minutes\" \/>\n<script type=\"application\/ld+json\" class=\"yoast-schema-graph\">{\"@context\":\"https:\/\/schema.org\",\"@graph\":[{\"@type\":\"WebPage\",\"@id\":\"https:\/\/www.restaurant-de-labbaye.fr\/en\/cookies\/\",\"url\":\"https:\/\/www.restaurant-de-labbaye.fr\/en\/cookies\/\",\"name\":\"Cookies - Restaurant de l&#039;Abbaye \u00e0 Flavigny-sur-Ozerain\",\"isPartOf\":{\"@id\":\"https:\/\/www.restaurant-de-labbaye.fr\/#website\"},\"datePublished\":\"2021-12-10T10:05:06+00:00\",\"dateModified\":\"2021-12-10T10:05:06+00:00\",\"breadcrumb\":{\"@id\":\"https:\/\/www.restaurant-de-labbaye.fr\/en\/cookies\/#breadcrumb\"},\"inLanguage\":\"en-US\",\"potentialAction\":[{\"@type\":\"ReadAction\",\"target\":[\"https:\/\/www.restaurant-de-labbaye.fr\/en\/cookies\/\"]}]},{\"@type\":\"BreadcrumbList\",\"@id\":\"https:\/\/www.restaurant-de-labbaye.fr\/en\/cookies\/#breadcrumb\",\"itemListElement\":[{\"@type\":\"ListItem\",\"position\":1,\"name\":\"Accueil\",\"item\":\"https:\/\/www.restaurant-de-labbaye.fr\/en\/\"},{\"@type\":\"ListItem\",\"position\":2,\"name\":\"Cookies\"}]},{\"@type\":\"WebSite\",\"@id\":\"https:\/\/www.restaurant-de-labbaye.fr\/#website\",\"url\":\"https:\/\/www.restaurant-de-labbaye.fr\/\",\"name\":\"Restaurant de l&#039;Abbaye \u00e0 Flavigny-sur-Ozerain\",\"description\":\"Restaurant gastronomique \u00e0 Flavigny-sur-Ozerain en Bourgogne\",\"potentialAction\":[{\"@type\":\"SearchAction\",\"target\":{\"@type\":\"EntryPoint\",\"urlTemplate\":\"https:\/\/www.restaurant-de-labbaye.fr\/?s={search_term_string}\"},\"query-input\":\"required name=search_term_string\"}],\"inLanguage\":\"en-US\"}]}<\/script>\n<!-- \/ Yoast SEO plugin. -->","yoast_head_json":{"title":"Cookies - Restaurant de l&#039;Abbaye \u00e0 Flavigny-sur-Ozerain","robots":{"index":"index","follow":"follow","max-snippet":"max-snippet:-1","max-image-preview":"max-image-preview:large","max-video-preview":"max-video-preview:-1"},"canonical":"https:\/\/www.restaurant-de-labbaye.fr\/en\/cookies\/","og_locale":"en_US","og_type":"article","og_title":"Cookies - Restaurant de l&#039;Abbaye \u00e0 Flavigny-sur-Ozerain","og_description":"[vc_row][vc_column][vc_column_text]&gt; Qu\u2019est-ce qu\u2019un cookie ? A quoi sert-il ? Un Cookie est un fichier teste qui enregistre les informations concernant votre navigation sur le site. Attention en aucun cas, le Cookie permet \u00e0 celui qui l\u2019a d\u00e9pos\u00e9 d\u2019obtenir des informations enregistr\u00e9es sur votre disque dur ou des informations personnelles. Il permet de vous reconna\u00eetre lorsque&hellip;","og_url":"https:\/\/www.restaurant-de-labbaye.fr\/en\/cookies\/","og_site_name":"Restaurant de l&#039;Abbaye \u00e0 Flavigny-sur-Ozerain","twitter_card":"summary_large_image","twitter_misc":{"Est. reading time":"5 minutes"},"schema":{"@context":"https:\/\/schema.org","@graph":[{"@type":"WebPage","@id":"https:\/\/www.restaurant-de-labbaye.fr\/en\/cookies\/","url":"https:\/\/www.restaurant-de-labbaye.fr\/en\/cookies\/","name":"Cookies - Restaurant de l&#039;Abbaye \u00e0 Flavigny-sur-Ozerain","isPartOf":{"@id":"https:\/\/www.restaurant-de-labbaye.fr\/#website"},"datePublished":"2021-12-10T10:05:06+00:00","dateModified":"2021-12-10T10:05:06+00:00","breadcrumb":{"@id":"https:\/\/www.restaurant-de-labbaye.fr\/en\/cookies\/#breadcrumb"},"inLanguage":"en-US","potentialAction":[{"@type":"ReadAction","target":["https:\/\/www.restaurant-de-labbaye.fr\/en\/cookies\/"]}]},{"@type":"BreadcrumbList","@id":"https:\/\/www.restaurant-de-labbaye.fr\/en\/cookies\/#breadcrumb","itemListElement":[{"@type":"ListItem","position":1,"name":"Accueil","item":"https:\/\/www.restaurant-de-labbaye.fr\/en\/"},{"@type":"ListItem","position":2,"name":"Cookies"}]},{"@type":"WebSite","@id":"https:\/\/www.restaurant-de-labbaye.fr\/#website","url":"https:\/\/www.restaurant-de-labbaye.fr\/","name":"Restaurant de l&#039;Abbaye \u00e0 Flavigny-sur-Ozerain","description":"Restaurant gastronomique \u00e0 Flavigny-sur-Ozerain en Bourgogne","potentialAction":[{"@type":"SearchAction","target":{"@type":"EntryPoint","urlTemplate":"https:\/\/www.restaurant-de-labbaye.fr\/?s={search_term_string}"},"query-input":"required name=search_term_string"}],"inLanguage":"en-US"}]}},"_links":{"self":[{"href":"https:\/\/www.restaurant-de-labbaye.fr\/en\/wp-json\/wp\/v2\/pages\/2023","targetHints":{"allow":["GET"]}}],"collection":[{"href":"https:\/\/www.restaurant-de-labbaye.fr\/en\/wp-json\/wp\/v2\/pages"}],"about":[{"href":"https:\/\/www.restaurant-de-labbaye.fr\/en\/wp-json\/wp\/v2\/types\/page"}],"author":[{"embeddable":true,"href":"https:\/\/www.restaurant-de-labbaye.fr\/en\/wp-json\/wp\/v2\/users\/1"}],"replies":[{"embeddable":true,"href":"https:\/\/www.restaurant-de-labbaye.fr\/en\/wp-json\/wp\/v2\/comments?post=2023"}],"version-history":[{"count":0,"href":"https:\/\/www.restaurant-de-labbaye.fr\/en\/wp-json\/wp\/v2\/pages\/2023\/revisions"}],"wp:attachment":[{"href":"https:\/\/www.restaurant-de-labbaye.fr\/en\/wp-json\/wp\/v2\/media?parent=2023"}],"curies":[{"name":"wp","href":"https:\/\/api.w.org\/{rel}","templated":true}]}}